{"id":44,"date":"2012-06-19T11:28:39","date_gmt":"2012-06-19T11:28:39","guid":{"rendered":"http:\/\/mdelcarmenmartinez.blogs.uva.es\/?page_id=44"},"modified":"2014-12-28T19:20:28","modified_gmt":"2014-12-28T18:20:28","slug":"capitulos-de-libro","status":"publish","type":"page","link":"https:\/\/mdelcarmenmartinez.blogs.uva.es\/?page_id=44","title":{"rendered":"Cap\u00edtulos de libro"},"content":{"rendered":"<p>\u00abVigilancia en la administraci\u00f3n y cobro del azogue remitido a la provincia de Honduras: notas sobre la actuaci\u00f3n del licenciado Pedro Mall\u00e9n de Rueda\u00bb. La Econom\u00eda mar\u00edtima del Atl\u00e1ntico: pesca, navegaci\u00f3n y comercio, <em>VII Congreso Internacional de Historia de Am\u00e9rica, <\/em>Zaragoza, 1998. Tomo III, pp. 1647-1661.<\/p>\n<p>\u201cEl cambio demogr\u00e1fico\u201d, <em>La formaci\u00f3n de las sociedades Iberoamericanas (1568-1700)<\/em> Vol. XXVII de la Historia de Espa\u00f1a de Ram\u00f3n Men\u00e9ndez Pidal, dirigida por Jos\u00e9 Mar\u00eda Jover Zamora. Madrid, Espasa-Calpe, 1999, pp. 65-86.<\/p>\n<p>\u00abLa emigraci\u00f3n de Sahag\u00fan y su comarca a Am\u00e9rica durante el siglo XVI\u00bb. Fray Bernardino de Sahag\u00fan y su tiempo (coord. Jes\u00fas Paniagua P\u00e9rez y M\u00aa Isabel Viforcos Marinas). Le\u00f3n, 2000, pp. 151-178.<\/p>\n","protected":false},"excerpt":{"rendered":"<p>\u00abVigilancia en la administraci\u00f3n y cobro del azogue remitido a la provincia de Honduras: notas sobre la actuaci\u00f3n del licenciado Pedro Mall\u00e9n de Rueda\u00bb. La Econom\u00eda mar\u00edtima del Atl\u00e1ntico: pesca, navegaci\u00f3n y comercio, VII Congreso Internacional de Historia de Am\u00e9rica, &hellip; <a href=\"https:\/\/mdelcarmenmartinez.blogs.uva.es\/?page_id=44\">Sigue leyendo <span class=\"meta-nav\">&rarr;<\/span><\/a><\/p>\n","protected":false},"author":86,"featured_media":0,"parent":30,"menu_order":3,"comment_status":"closed","ping_status":"closed","template":"","meta":{"footnotes":""},"class_list":["post-44","page","type-page","status-publish","hentry"],"_links":{"self":[{"href":"https:\/\/mdelcarmenmartinez.blogs.uva.es\/index.php?rest_route=\/wp\/v2\/pages\/44","targetHints":{"allow":["GET"]}}],"collection":[{"href":"https:\/\/mdelcarmenmartinez.blogs.uva.es\/index.php?rest_route=\/wp\/v2\/pages"}],"about":[{"href":"https:\/\/mdelcarmenmartinez.blogs.uva.es\/index.php?rest_route=\/wp\/v2\/types\/page"}],"author":[{"embeddable":true,"href":"https:\/\/mdelcarmenmartinez.blogs.uva.es\/index.php?rest_route=\/wp\/v2\/users\/86"}],"replies":[{"embeddable":true,"href":"https:\/\/mdelcarmenmartinez.blogs.uva.es\/index.php?rest_route=%2Fwp%2Fv2%2Fcomments&post=44"}],"version-history":[{"count":0,"href":"https:\/\/mdelcarmenmartinez.blogs.uva.es\/index.php?rest_route=\/wp\/v2\/pages\/44\/revisions"}],"up":[{"embeddable":true,"href":"https:\/\/mdelcarmenmartinez.blogs.uva.es\/index.php?rest_route=\/wp\/v2\/pages\/30"}],"wp:attachment":[{"href":"https:\/\/mdelcarmenmartinez.blogs.uva.es\/index.php?rest_route=%2Fwp%2Fv2%2Fmedia&parent=44"}],"curies":[{"name":"wp","href":"https:\/\/api.w.org\/{rel}","templated":true}]}}