{"id":42,"date":"2012-06-19T11:28:13","date_gmt":"2012-06-19T11:28:13","guid":{"rendered":"http:\/\/mdelcarmenmartinez.blogs.uva.es\/?page_id=42"},"modified":"2014-12-28T19:26:40","modified_gmt":"2014-12-28T18:26:40","slug":"articulos","status":"publish","type":"page","link":"https:\/\/mdelcarmenmartinez.blogs.uva.es\/?page_id=42","title":{"rendered":"Art\u00edculos"},"content":{"rendered":"<p>\u00abLos Colegiales de Santa Cruz de Vallado\u00adlid y su proyecci\u00f3n en Am\u00e9rica\u00bb, <em>Estudios de Historia Social y Econ\u00f3mica de Am\u00e9rica<\/em>. Alcal\u00e1 de Henares, 1989. Vol. 5, pp. 90-104.<\/p>\n<p>\u00abVida maridable. Algunas peculiaridades en la emigraci\u00f3n a las Indias\u00bb. <em>Anuario Jur\u00eddico y Econ\u00f3mico Escurialense<\/em>. Vol. XXIII. San Lorenzo de El Escorial, 1991, pp. 351-363.<\/p>\n<p>\u00abDevoci\u00f3n, asistencia social y econom\u00eda: Aproximaci\u00f3n a las cuentas de la Archicofrad\u00eda del Sant\u00edsimo Sacramento y de la Caridad de M\u00e9xico (1682-1683)\u00bb. <em>Anuario Jur\u00eddico y Econ\u00f3mico Escurialense. Vol. <\/em>XXIX. San Lorenzo de El Escorial, 1996; pp. 979-1006.<\/p>\n<p>\u00abCartas privadas de Hern\u00e1n Cort\u00e9s al licenciado N\u00fa\u00f1ez\u00bb. <em>Anales. Museo de Am\u00e9rica<\/em>. 12. Madrid, 2004, pp. 81-101.<\/p>\n<p><em>\u201c<\/em>El Per\u00fa en tiempos del Arzobispo Mogrovejo: impresiones epistolares\u201d, <em>Estudios Human\u00edsticos. Historia.<\/em> Le\u00f3n, 2009, n\u00ba 8, pp. 103-133.<\/p>\n","protected":false},"excerpt":{"rendered":"<p>\u00abLos Colegiales de Santa Cruz de Vallado\u00adlid y su proyecci\u00f3n en Am\u00e9rica\u00bb, Estudios de Historia Social y Econ\u00f3mica de Am\u00e9rica. Alcal\u00e1 de Henares, 1989. Vol. 5, pp. 90-104. \u00abVida maridable. Algunas peculiaridades en la emigraci\u00f3n a las Indias\u00bb. Anuario Jur\u00eddico &hellip; <a href=\"https:\/\/mdelcarmenmartinez.blogs.uva.es\/?page_id=42\">Sigue leyendo <span class=\"meta-nav\">&rarr;<\/span><\/a><\/p>\n","protected":false},"author":86,"featured_media":0,"parent":30,"menu_order":2,"comment_status":"closed","ping_status":"closed","template":"onecolumn-page.php","meta":{"footnotes":""},"class_list":["post-42","page","type-page","status-publish","hentry"],"_links":{"self":[{"href":"https:\/\/mdelcarmenmartinez.blogs.uva.es\/index.php?rest_route=\/wp\/v2\/pages\/42","targetHints":{"allow":["GET"]}}],"collection":[{"href":"https:\/\/mdelcarmenmartinez.blogs.uva.es\/index.php?rest_route=\/wp\/v2\/pages"}],"about":[{"href":"https:\/\/mdelcarmenmartinez.blogs.uva.es\/index.php?rest_route=\/wp\/v2\/types\/page"}],"author":[{"embeddable":true,"href":"https:\/\/mdelcarmenmartinez.blogs.uva.es\/index.php?rest_route=\/wp\/v2\/users\/86"}],"replies":[{"embeddable":true,"href":"https:\/\/mdelcarmenmartinez.blogs.uva.es\/index.php?rest_route=%2Fwp%2Fv2%2Fcomments&post=42"}],"version-history":[{"count":0,"href":"https:\/\/mdelcarmenmartinez.blogs.uva.es\/index.php?rest_route=\/wp\/v2\/pages\/42\/revisions"}],"up":[{"embeddable":true,"href":"https:\/\/mdelcarmenmartinez.blogs.uva.es\/index.php?rest_route=\/wp\/v2\/pages\/30"}],"wp:attachment":[{"href":"https:\/\/mdelcarmenmartinez.blogs.uva.es\/index.php?rest_route=%2Fwp%2Fv2%2Fmedia&parent=42"}],"curies":[{"name":"wp","href":"https:\/\/api.w.org\/{rel}","templated":true}]}}